{"id":1380,"date":"2023-11-17T10:57:53","date_gmt":"2023-11-17T01:57:53","guid":{"rendered":"https:\/\/blog.plat-clover.com\/?page_id=1380"},"modified":"2023-11-17T10:57:53","modified_gmt":"2023-11-17T01:57:53","slug":"privacypolicy","status":"publish","type":"page","link":"https:\/\/blog.plat-clover.com\/vi\/privacypolicy","title":{"rendered":"Ch\u00ednh s\u00e1ch b\u1ea3o m\u1eadt"},"content":{"rendered":"<p>Tr\u01b0\u1eddng ch\u00fang t\u00f4i nh\u1eadn th\u1ee9c \u0111\u01b0\u1ee3c t\u1ea7m quan tr\u1ecdng c\u1ee7a vi\u1ec7c b\u1ea3o v\u1ec7 th\u00f4ng tin c\u00e1 nh\u00e2n, thi\u1ebft l\u1eadp ch\u00ednh s\u00e1ch b\u1ea3o v\u1ec7 th\u00f4ng tin c\u00e1 nh\u00e2n v\u00e0 n\u1ed7 l\u1ef1c b\u1ea3o v\u1ec7 th\u00f4ng tin c\u00e1 nh\u00e2n m\u1ed9t c\u00e1ch th\u00edch h\u1ee3p.<br>Ch\u00fang t\u00f4i s\u1ebd quy \u0111\u1ecbnh v\u00e0 th\u1ef1c hi\u1ec7n c\u00e1c nguy\u00ean t\u1eafc v\u00e0 ph\u01b0\u01a1ng ph\u00e1p qu\u1ea3n l\u00fd c\u01a1 b\u1ea3n sau \u0111\u00e2y li\u00ean quan \u0111\u1ebfn vi\u1ec7c thu th\u1eadp v\u00e0 s\u1eed d\u1ee5ng th\u00f4ng tin c\u00e1 nh\u00e2n, c\u0169ng nh\u01b0 gi\u00e1o d\u1ee5c, \u0111\u00e0o t\u1ea1o, ki\u1ec3m to\u00e1n, v.v. nh\u01b0 m\u1ed9t ph\u01b0\u01a1ng ti\u1ec7n \u0111\u1ec3 \u0111\u1ea3m b\u1ea3o t\u00ednh hi\u1ec7u qu\u1ea3.<\/p>\n\n\n\n<h3 class=\"wp-block-heading\">C\u00e1c nguy\u00ean t\u1eafc c\u01a1 b\u1ea3n v\u1ec1 thu th\u1eadp, s\u1eed d\u1ee5ng, cung c\u1ea5p, v.v. th\u00f4ng tin c\u00e1 nh\u00e2n<\/h3>\n\n\n\n<ol class=\"wp-block-list\">\n<li>Khi thu th\u1eadp th\u00f4ng tin c\u00e1 nh\u00e2n tr\u1ef1c ti\u1ebfp, ch\u00fang t\u00f4i s\u1ebd th\u1ef1c hi\u1ec7n b\u1eb1ng c\u00e1c bi\u1ec7n ph\u00e1p h\u1ee3p ph\u00e1p v\u00e0 c\u00f4ng b\u1eb1ng v\u00e0 \u0111\u01b0\u1ee3c s\u1ef1 \u0111\u1ed3ng \u00fd c\u1ee7a ng\u01b0\u1eddi li\u00ean quan.<\/li>\n\n\n\n<li>Khi thu th\u1eadp th\u00f4ng tin, ch\u00fang t\u00f4i s\u1ebd l\u00e0m r\u00f5 m\u1ee5c \u0111\u00edch s\u1eed d\u1ee5ng v\u00e0 gi\u1edbi h\u1ea1n vi\u1ec7c thu th\u1eadp trong ph\u1ea1m vi c\u1ea7n thi\u1ebft cho m\u1ee5c \u0111\u00edch \u0111\u00f3.<\/li>\n\n\n\n<li>Th\u00f4ng tin nh\u1ea1y c\u1ea3m c\u00f3 kh\u1ea3 n\u0103ng x\u00e2m ph\u1ea1m l\u1ee3i \u00edch c\u1ee7a c\u00e1 nh\u00e2n s\u1ebd kh\u00f4ng \u0111\u01b0\u1ee3c thu th\u1eadp tr\u1eeb khi ch\u00fang t\u00f4i c\u00f3 \u0111\u01b0\u1ee3c s\u1ef1 \u0111\u1ed3ng \u00fd r\u00f5 r\u00e0ng c\u1ee7a ng\u01b0\u1eddi \u0111\u00f3 ho\u1eb7c \u0111\u01b0\u1ee3c ph\u00e1p lu\u1eadt v\u00e0 quy \u0111\u1ecbnh h\u1ed7 tr\u1ee3.<\/li>\n\n\n\n<li>Khi c\u00f4ng ty ch\u00fang t\u00f4i thu\u00ea ngo\u00e0i ho\u1eb7c thu\u00ea ngo\u00e0i c\u00f4ng vi\u1ec7c li\u00ean quan \u0111\u1ebfn vi\u1ec7c x\u1eed l\u00fd th\u00f4ng tin c\u00e1 nh\u00e2n, ch\u00fang t\u00f4i s\u1ebd duy tr\u00ec t\u00ednh b\u1ea3o m\u1eadt c\u1ee7a th\u00f4ng tin c\u00e1 nh\u00e2n, th\u1ea3o lu\u1eadn c\u00e1c v\u1ea5n \u0111\u1ec1 v\u1ec1 h\u1ee3p \u0111\u1ed3ng ph\u1ee5, ph\u00e2n b\u1ed5 tr\u00e1ch nhi\u1ec7m trong tr\u01b0\u1eddng h\u1ee3p x\u1ea3y ra tai n\u1ea1n v\u00e0 \u0111\u1ea3m b\u1ea3o r\u1eb1ng th\u00f4ng tin c\u00e1 nh\u00e2n s\u1ebd \u0111\u01b0\u1ee3c tr\u1ea3 l\u1ea1i khi k\u1ebft th\u00fac h\u1ee3p \u0111\u1ed3ng . Ch\u00fang t\u00f4i s\u1ebd quy \u0111\u1ecbnh v\u00e0 tu\u00e2n th\u1ee7 vi\u1ec7c x\u00f3a b\u1ecf, v.v.<\/li>\n\n\n\n<li>Th\u00f4ng tin c\u00e1 nh\u00e2n s\u1ebd \u0111\u01b0\u1ee3c s\u1eed d\u1ee5ng v\u00e0 cung c\u1ea5p trong ph\u1ea1m vi \u0111\u01b0\u1ee3c s\u1ef1 \u0111\u1ed3ng \u00fd c\u1ee7a ng\u01b0\u1eddi li\u00ean quan.<\/li>\n<\/ol>\n\n\n\n<h3 class=\"wp-block-heading\">V\u1ec1 vi\u1ec7c qu\u1ea3n l\u00fd th\u00f4ng tin c\u00e1 nh\u00e2n<\/h3>\n\n\n\n<ol class=\"wp-block-list\">\n<li>Th\u00f4ng tin c\u00e1 nh\u00e2n m\u00e0 tr\u01b0\u1eddng ch\u00fang t\u00f4i thu th\u1eadp tr\u1ef1c ti\u1ebfp ho\u1eb7c nh\u1eadn t\u1eeb b\u00ean ngo\u00e0i s\u1ebd \u0111\u01b0\u1ee3c gi\u1eef ch\u00ednh x\u00e1c v\u00e0 s\u1ebd th\u1ef1c hi\u1ec7n c\u00e1c bi\u1ec7n ph\u00e1p \u0111\u1ec3 ng\u0103n ch\u1eb7n truy c\u1eadp tr\u00e1i ph\u00e9p, m\u1ea5t m\u00e1t, ph\u00e1 h\u1ee7y, gi\u1ea3 m\u1ea1o, r\u00f2 r\u1ec9, v.v.<\/li>\n\n\n\n<li>Khi c\u00f4ng vi\u1ec7c thu\u00ea ngo\u00e0i li\u00ean quan \u0111\u1ebfn vi\u1ec7c x\u1eed l\u00fd th\u00f4ng tin c\u00e1 nh\u00e2n, khi ng\u01b0\u1eddi thu\u00ea ngo\u00e0i l\u1ea5y th\u00f4ng tin c\u00e1 nh\u00e2n, ch\u00fang t\u00f4i s\u1ebd nh\u1eadn \u0111\u01b0\u1ee3c s\u1ef1 \u0111\u1ed3ng \u00fd c\u1ee7a c\u00e1 nh\u00e2n v\u00e0 x\u00e1c nh\u1eadn r\u1eb1ng th\u00f4ng tin \u0111\u01b0\u1ee3c thu th\u1eadp b\u1eb1ng c\u00e1c ph\u01b0\u01a1ng ti\u1ec7n h\u1ee3p ph\u00e1p v\u00e0 c\u00f4ng b\u1eb1ng.<\/li>\n<\/ol>\n\n\n\n<h3 class=\"wp-block-heading\">V\u1ec1 ph\u00e1p lu\u1eadt v\u00e0 c\u00e1c quy \u0111\u1ecbnh kh\u00e1c<\/h3>\n\n\n\n<p>Tr\u01b0\u1eddng ch\u00fang t\u00f4i tu\u00e2n th\u1ee7 lu\u1eadt ph\u00e1p v\u00e0 quy \u0111\u1ecbnh c\u1ee7a Nh\u1eadt B\u1ea3n li\u00ean quan \u0111\u1ebfn vi\u1ec7c b\u1ea3o v\u1ec7 th\u00f4ng tin c\u00e1 nh\u00e2n v\u00e0 c\u00e1c quy \u0111\u1ecbnh kh\u00e1c, \u0111\u1ed3ng th\u1eddi c\u1ed1 g\u1eafng li\u00ean t\u1ee5c c\u1ea3i thi\u1ec7n ch\u00ednh s\u00e1ch n\u00e0y.<\/p>\n\n\n\n<h3 class=\"wp-block-heading\">C\u00e2u h\u1ecfi t\u1eeb ng\u01b0\u1eddi \u0111\u01b0\u1ee3c \u0111\u1ec1 c\u1eadp<\/h3>\n\n\n\n<p>Ch\u00fang t\u00f4i s\u1ebd c\u1ed1 g\u1eafng tr\u1ea3 l\u1eddi k\u1ecbp th\u1eddi c\u00e1c c\u00e2u h\u1ecfi t\u1eeb c\u00e1c c\u00e1 nh\u00e2n li\u00ean quan \u0111\u1ebfn vi\u1ec7c x\u1eed l\u00fd th\u00f4ng tin c\u00e1 nh\u00e2n trong ph\u1ea1m vi h\u1ee3p l\u00fd.<br>N\u1ebfu b\u1ea1n c\u00f3 b\u1ea5t k\u1ef3 c\u00e2u h\u1ecfi n\u00e0o li\u00ean quan \u0111\u1ebfn n\u1ed9i dung c\u1ee7a trang n\u00e0y ho\u1eb7c mu\u1ed1n x\u00e1c nh\u1eadn th\u00f4ng tin c\u00e1 nh\u00e2n c\u1ee7a m\u00ecnh, vui l\u00f2ng li\u00ean h\u1ec7<br>Vui l\u00f2ng li\u00ean h\u1ec7 v\u1edbi ch\u00fang t\u00f4i theo s\u1ed1 [TEL. 06-6533-3072].<\/p>","protected":false},"excerpt":{"rendered":"Tr\u01b0\u1eddng ch\u00fang t\u00f4i nh\u1eadn th\u1ee9c \u0111\u01b0\u1ee3c t\u1ea7m quan tr\u1ecdng c\u1ee7a vi\u1ec7c b\u1ea3o v\u1ec7 th\u00f4ng tin c\u00e1 nh\u00e2n, \u0111\u00e3 thi\u1ebft l\u1eadp ch\u00ednh s\u00e1ch b\u1ea3o v\u1ec7 th\u00f4ng tin c\u00e1 nh\u00e2n v\u00e0 h\u1ee3p t\u00e1c v\u1edbi t\u01b0 c\u00e1ch l\u00e0 m\u1ed9t c\u00f4ng ty \u0111\u1ec3 b\u1ea3o v\u1ec7 th\u00f4ng tin c\u00e1 nh\u00e2n m\u1ed9t c\u00e1ch th\u00edch h\u1ee3p [\u2026]","protected":false},"author":1,"featured_media":0,"parent":0,"menu_order":0,"comment_status":"closed","ping_status":"closed","template":"","meta":{"footnotes":""},"class_list":["post-1380","page","type-page","status-publish","hentry"],"_links":{"self":[{"href":"https:\/\/blog.plat-clover.com\/vi\/wp-json\/wp\/v2\/pages\/1380","targetHints":{"allow":["GET"]}}],"collection":[{"href":"https:\/\/blog.plat-clover.com\/vi\/wp-json\/wp\/v2\/pages"}],"about":[{"href":"https:\/\/blog.plat-clover.com\/vi\/wp-json\/wp\/v2\/types\/page"}],"author":[{"embeddable":true,"href":"https:\/\/blog.plat-clover.com\/vi\/wp-json\/wp\/v2\/users\/1"}],"replies":[{"embeddable":true,"href":"https:\/\/blog.plat-clover.com\/vi\/wp-json\/wp\/v2\/comments?post=1380"}],"version-history":[{"count":1,"href":"https:\/\/blog.plat-clover.com\/vi\/wp-json\/wp\/v2\/pages\/1380\/revisions"}],"predecessor-version":[{"id":1382,"href":"https:\/\/blog.plat-clover.com\/vi\/wp-json\/wp\/v2\/pages\/1380\/revisions\/1382"}],"wp:attachment":[{"href":"https:\/\/blog.plat-clover.com\/vi\/wp-json\/wp\/v2\/media?parent=1380"}],"curies":[{"name":"wp","href":"https:\/\/api.w.org\/{rel}","templated":true}]}}